{"id":1438,"date":"2022-07-26T16:03:39","date_gmt":"2022-07-26T16:03:39","guid":{"rendered":"https:\/\/startersites.io\/elementor\/bizconsult\/?page_id=3"},"modified":"2026-03-01T23:45:35","modified_gmt":"2026-03-01T22:45:35","slug":"privacy-policy","status":"publish","type":"page","link":"https:\/\/poznan-nord.com\/pl\/privacy-policy\/","title":{"rendered":"Polityka prywatno\u015bci"},"content":{"rendered":"<div data-elementor-type=\"wp-page\" data-elementor-id=\"1438\" class=\"elementor elementor-1438\">\n\t\t\t\t<div class=\"elementor-element elementor-element-a8874c7 e-flex e-con-boxed e-con e-parent\" data-id=\"a8874c7\" data-element_type=\"container\" data-e-type=\"container\">\n\t\t\t\t\t<div class=\"e-con-inner\">\n\t\t\t\t<div class=\"elementor-element elementor-element-7d2be4b elementor-widget elementor-widget-heading\" data-id=\"7d2be4b\" data-element_type=\"widget\" data-e-type=\"widget\" data-widget_type=\"heading.default\">\n\t\t\t\t<div class=\"elementor-widget-container\">\n\t\t\t\t\t<h2 class=\"elementor-heading-title elementor-size-default\">Polityka prywatno\u015bci<\/h2>\t\t\t\t<\/div>\n\t\t\t\t<\/div>\n\t\t\t\t\t<\/div>\n\t\t\t\t<\/div>\n\t\t<div class=\"elementor-element elementor-element-7399f76 e-flex e-con-boxed e-con e-parent\" data-id=\"7399f76\" data-element_type=\"container\" data-e-type=\"container\">\n\t\t\t\t\t<div class=\"e-con-inner\">\n\t\t\t\t<div class=\"elementor-element elementor-element-d330ad9 elementor-widget elementor-widget-text-editor\" data-id=\"d330ad9\" data-element_type=\"widget\" data-e-type=\"widget\" data-widget_type=\"text-editor.default\">\n\t\t\t\t<div class=\"elementor-widget-container\">\n\t\t\t\t\t\t\t\t\t<p data-start=\"343\" data-end=\"448\" class=\"translation-block\">RODO: Administratorem danych osobowych jest CLIP GROUP S.A., z siedzib\u0105 w ul. Rabowicka 65, Jasin, 62-020 Swarz\u0119dz, rodo@clip-group.com<\/p>\t\t\t\t\t\t\t\t<\/div>\n\t\t\t\t<\/div>\n\t\t\t\t\t<\/div>\n\t\t\t\t<\/div>\n\t\t<div class=\"elementor-element elementor-element-0637b75 e-flex e-con-boxed e-con e-parent\" data-id=\"0637b75\" data-element_type=\"container\" data-e-type=\"container\">\n\t\t\t\t\t<div class=\"e-con-inner\">\n\t\t\t\t<div class=\"elementor-element elementor-element-a3595e8 elementor-widget elementor-widget-heading\" data-id=\"a3595e8\" data-element_type=\"widget\" data-e-type=\"widget\" data-widget_type=\"heading.default\">\n\t\t\t\t<div class=\"elementor-widget-container\">\n\t\t\t\t\t<h2 class=\"elementor-heading-title elementor-size-default\">Administrator danych<\/h2>\t\t\t\t<\/div>\n\t\t\t\t<\/div>\n\t\t\t\t\t<\/div>\n\t\t\t\t<\/div>\n\t\t<div class=\"elementor-element elementor-element-9499b91 e-flex e-con-boxed e-con e-parent\" data-id=\"9499b91\" data-element_type=\"container\" data-e-type=\"container\">\n\t\t\t\t\t<div class=\"e-con-inner\">\n\t\t\t\t<div class=\"elementor-element elementor-element-6cdb5ca elementor-widget elementor-widget-text-editor\" data-id=\"6cdb5ca\" data-element_type=\"widget\" data-e-type=\"widget\" data-widget_type=\"text-editor.default\">\n\t\t\t\t<div class=\"elementor-widget-container\">\n\t\t\t\t\t\t\t\t\t<p class=\"translation-block\">Zgodnie z Rozporz\u0105dzeniem Parlamentu Europejskiego i Rady (UE) 2016\/679 z dnia 27 kwietnia 2016 r. w sprawie ochrony os\u00f3b fizycznych w zwi\u0105zku z przetwarzaniem danych osobowych i w sprawie swobodnego przep\u0142ywu takich danych (\u201eRODO\u201d) administratorem Pa\u0144stwa danych osobowych jest CLIP GROUP S.A., ul. Rabowicka 65, 62-020 Jasin (\u201dAdministrator\u201d).<\/p>\t\t\t\t\t\t\t\t<\/div>\n\t\t\t\t<\/div>\n\t\t\t\t\t<\/div>\n\t\t\t\t<\/div>\n\t\t<div class=\"elementor-element elementor-element-8032e1b e-flex e-con-boxed e-con e-parent\" data-id=\"8032e1b\" data-element_type=\"container\" data-e-type=\"container\">\n\t\t\t\t\t<div class=\"e-con-inner\">\n\t\t\t\t<div class=\"elementor-element elementor-element-a49cbab elementor-widget elementor-widget-heading\" data-id=\"a49cbab\" data-element_type=\"widget\" data-e-type=\"widget\" data-widget_type=\"heading.default\">\n\t\t\t\t<div class=\"elementor-widget-container\">\n\t\t\t\t\t<h2 class=\"elementor-heading-title elementor-size-default\">Kontakt<\/h2>\t\t\t\t<\/div>\n\t\t\t\t<\/div>\n\t\t\t\t\t<\/div>\n\t\t\t\t<\/div>\n\t\t<div class=\"elementor-element elementor-element-cda6265 e-flex e-con-boxed e-con e-parent\" data-id=\"cda6265\" data-element_type=\"container\" data-e-type=\"container\">\n\t\t\t\t\t<div class=\"e-con-inner\">\n\t\t\t\t<div class=\"elementor-element elementor-element-5233767 elementor-widget elementor-widget-text-editor\" data-id=\"5233767\" data-element_type=\"widget\" data-e-type=\"widget\" data-widget_type=\"text-editor.default\">\n\t\t\t\t<div class=\"elementor-widget-container\">\n\t\t\t\t\t\t\t\t\t<p class=\"translation-block\">Informacje dotycz\u0105ce przetwarzania danych osobowych otrzymaj\u0105 Pa\u0144stwo pod adresem e \u2013 mail: rodo@clip-group.com<\/p>\t\t\t\t\t\t\t\t<\/div>\n\t\t\t\t<\/div>\n\t\t\t\t\t<\/div>\n\t\t\t\t<\/div>\n\t\t<div class=\"elementor-element elementor-element-c32c38a e-flex e-con-boxed e-con e-parent\" data-id=\"c32c38a\" data-element_type=\"container\" data-e-type=\"container\">\n\t\t\t\t\t<div class=\"e-con-inner\">\n\t\t\t\t<div class=\"elementor-element elementor-element-ab4c974 elementor-widget elementor-widget-heading\" data-id=\"ab4c974\" data-element_type=\"widget\" data-e-type=\"widget\" data-widget_type=\"heading.default\">\n\t\t\t\t<div class=\"elementor-widget-container\">\n\t\t\t\t\t<h2 class=\"elementor-heading-title elementor-size-default\">Cel przetwarzania danych<\/h2>\t\t\t\t<\/div>\n\t\t\t\t<\/div>\n\t\t\t\t\t<\/div>\n\t\t\t\t<\/div>\n\t\t<div class=\"elementor-element elementor-element-7041b75 e-flex e-con-boxed e-con e-parent\" data-id=\"7041b75\" data-element_type=\"container\" data-e-type=\"container\">\n\t\t\t\t\t<div class=\"e-con-inner\">\n\t\t\t\t<div class=\"elementor-element elementor-element-797eed4 elementor-widget elementor-widget-text-editor\" data-id=\"797eed4\" data-element_type=\"widget\" data-e-type=\"widget\" data-widget_type=\"text-editor.default\">\n\t\t\t\t<div class=\"elementor-widget-container\">\n\t\t\t\t\t\t\t\t\t<p data-start=\"957\" data-end=\"1167\">Pa\u0144stwa dane osobowe przetwarzane s\u0105 w celu nawi\u0105zania lub zachowania relacji biznesowych pomi\u0119dzy Pa\u0144stwem a CLIP GROUP S.A., marketingu bezpo\u015bredniego lub us\u0142ug Sp\u00f3\u0142ki, a tak\u017ce w celu przesy\u0142ania informacji handlowych, w rozumieniu ustawy o \u015bwiadczeniu us\u0142ug drog\u0105 elektroniczn\u0105, o ile wyrazili Pa\u0144stwo zgod\u0119 na ich otrzymywanie.<\/p><p data-start=\"1169\" data-end=\"1401\">Podstaw\u0105 prawn\u0105 przetwarzania Pa\u0144stwa danych osobowych jest artyku\u0142 6 ust. 1 lit. a) lub b) lub f)<\/p><p data-start=\"1403\" data-end=\"1582\">Rozporz\u0105dzenia Parlamentu Europejskiego i Rady (UE) 2016\/679 z dnia 27 kwietnia 2016 r., w sprawie ochrony os\u00f3b fizycznych w zwi\u0105zku z przetwarzaniem danych osobowych i w sprawie swobodnego przep\u0142ywu takich danych.<\/p>\t\t\t\t\t\t\t\t<\/div>\n\t\t\t\t<\/div>\n\t\t\t\t\t<\/div>\n\t\t\t\t<\/div>\n\t\t<div class=\"elementor-element elementor-element-7351252 e-flex e-con-boxed e-con e-parent\" data-id=\"7351252\" data-element_type=\"container\" data-e-type=\"container\">\n\t\t\t\t\t<div class=\"e-con-inner\">\n\t\t\t\t<div class=\"elementor-element elementor-element-7c97ac1 elementor-widget elementor-widget-heading\" data-id=\"7c97ac1\" data-element_type=\"widget\" data-e-type=\"widget\" data-widget_type=\"heading.default\">\n\t\t\t\t<div class=\"elementor-widget-container\">\n\t\t\t\t\t<h2 class=\"elementor-heading-title elementor-size-default\">Zakres danych przetwarzanych przez Administratora<\/h2>\t\t\t\t<\/div>\n\t\t\t\t<\/div>\n\t\t\t\t\t<\/div>\n\t\t\t\t<\/div>\n\t\t<div class=\"elementor-element elementor-element-3918d13 e-flex e-con-boxed e-con e-parent\" data-id=\"3918d13\" data-element_type=\"container\" data-e-type=\"container\">\n\t\t\t\t\t<div class=\"e-con-inner\">\n\t\t\t\t<div class=\"elementor-element elementor-element-5ae0495 elementor-widget elementor-widget-text-editor\" data-id=\"5ae0495\" data-element_type=\"widget\" data-e-type=\"widget\" data-widget_type=\"text-editor.default\">\n\t\t\t\t<div class=\"elementor-widget-container\">\n\t\t\t\t\t\t\t\t\t<p data-start=\"1617\" data-end=\"1803\">Przetwarzane kategorie Pa\u0144stwa danych osobowych to dane osobowe, kt\u00f3re pochodz\u0105 bezpo\u015brednio od Pa\u0144stwa lub zosta\u0142y przekazane w Pa\u0144stwa imieniu. Do realizacji podanych powy\u017cej cel\u00f3w b\u0119dziemy przetwarza\u0107 nast\u0119puj\u0105ce dane osobowe:<\/p><p data-start=\"1805\" data-end=\"2022\">imi\u0119, nazwisko, dane adresowe, PESEL, NIP, dane dokumentu to\u017csamo\u015bci, numer telefonu, adres e-mail, numer konta bankowego, histori\u0119 p\u0142atno\u015bci oraz dane dotycz\u0105cych Pa\u0144stwa pojazd\u00f3w.<\/p>\t\t\t\t\t\t\t\t<\/div>\n\t\t\t\t<\/div>\n\t\t\t\t\t<\/div>\n\t\t\t\t<\/div>\n\t\t<div class=\"elementor-element elementor-element-ac4e683 e-flex e-con-boxed e-con e-parent\" data-id=\"ac4e683\" data-element_type=\"container\" data-e-type=\"container\">\n\t\t\t\t\t<div class=\"e-con-inner\">\n\t\t\t\t<div class=\"elementor-element elementor-element-4846c3e elementor-widget elementor-widget-heading\" data-id=\"4846c3e\" data-element_type=\"widget\" data-e-type=\"widget\" data-widget_type=\"heading.default\">\n\t\t\t\t<div class=\"elementor-widget-container\">\n\t\t\t\t\t<h2 class=\"elementor-heading-title elementor-size-default\">Odbiorcy danych<\/h2>\t\t\t\t<\/div>\n\t\t\t\t<\/div>\n\t\t\t\t\t<\/div>\n\t\t\t\t<\/div>\n\t\t<div class=\"elementor-element elementor-element-829a4e7 e-flex e-con-boxed e-con e-parent\" data-id=\"829a4e7\" data-element_type=\"container\" data-e-type=\"container\">\n\t\t\t\t\t<div class=\"e-con-inner\">\n\t\t\t\t<div class=\"elementor-element elementor-element-b5432e6 elementor-widget elementor-widget-text-editor\" data-id=\"b5432e6\" data-element_type=\"widget\" data-e-type=\"widget\" data-widget_type=\"text-editor.default\">\n\t\t\t\t<div class=\"elementor-widget-container\">\n\t\t\t\t\t\t\t\t\t<p>Odbiorc\u0105 Pa\u0144stwa danych osobowych s\u0105 pracownicy, podmioty wspomagaj\u0105ce CLIP GROUP S.A., w jej biznesowej dzia\u0142alno\u015bci, w tym \u015bwiadcz\u0105ce us\u0142ugi outsourcingowe, podmioty powi\u0105zane z Administratorem w kraju i za granic\u0105 oraz organy publiczne na podstawie wymog\u00f3w ustawowych.<\/p>\t\t\t\t\t\t\t\t<\/div>\n\t\t\t\t<\/div>\n\t\t\t\t\t<\/div>\n\t\t\t\t<\/div>\n\t\t<div class=\"elementor-element elementor-element-62f77d5 e-flex e-con-boxed e-con e-parent\" data-id=\"62f77d5\" data-element_type=\"container\" data-e-type=\"container\">\n\t\t\t\t\t<div class=\"e-con-inner\">\n\t\t\t\t<div class=\"elementor-element elementor-element-b055c1a elementor-widget elementor-widget-heading\" data-id=\"b055c1a\" data-element_type=\"widget\" data-e-type=\"widget\" data-widget_type=\"heading.default\">\n\t\t\t\t<div class=\"elementor-widget-container\">\n\t\t\t\t\t<h2 class=\"elementor-heading-title elementor-size-default\">Okres przechowywania danych<\/h2>\t\t\t\t<\/div>\n\t\t\t\t<\/div>\n\t\t\t\t\t<\/div>\n\t\t\t\t<\/div>\n\t\t<div class=\"elementor-element elementor-element-5371389 e-flex e-con-boxed e-con e-parent\" data-id=\"5371389\" data-element_type=\"container\" data-e-type=\"container\">\n\t\t\t\t\t<div class=\"e-con-inner\">\n\t\t\t\t<div class=\"elementor-element elementor-element-6541b41 elementor-widget elementor-widget-text-editor\" data-id=\"6541b41\" data-element_type=\"widget\" data-e-type=\"widget\" data-widget_type=\"text-editor.default\">\n\t\t\t\t<div class=\"elementor-widget-container\">\n\t\t\t\t\t\t\t\t\t<p data-start=\"2375\" data-end=\"2569\">Dane b\u0119d\u0105 przechowywane przez kolejne 5 lat od ostatniego zdarzenia mog\u0105cego powodowa\u0107 ewentualne roszczenia. Dla niekt\u00f3rych roszcze\u0144 czas ten mo\u017ce ulec wyd\u0142u\u017ceniu, je\u017celi z przepis\u00f3w prawa wynika\u0107 b\u0119dzie d\u0142u\u017cszy okres przedawnienia.<\/p><p data-start=\"2571\" data-end=\"2765\">Okres przechowywania danych przetwarzanych na potrzeby rachunkowo\u015bci oraz ze wzgl\u0119d\u00f3w podatkowych b\u0119dzie zgodny z obowi\u0105zuj\u0105cymi przepisami prawa. Po up\u0142ywie tych okres\u00f3w dane b\u0119d\u0105 usuwane lub zanonimizowane.<\/p>\t\t\t\t\t\t\t\t<\/div>\n\t\t\t\t<\/div>\n\t\t\t\t\t<\/div>\n\t\t\t\t<\/div>\n\t\t<div class=\"elementor-element elementor-element-b22ece9 e-flex e-con-boxed e-con e-parent\" data-id=\"b22ece9\" data-element_type=\"container\" data-e-type=\"container\">\n\t\t\t\t\t<div class=\"e-con-inner\">\n\t\t\t\t<div class=\"elementor-element elementor-element-b8419a7 elementor-widget elementor-widget-heading\" data-id=\"b8419a7\" data-element_type=\"widget\" data-e-type=\"widget\" data-widget_type=\"heading.default\">\n\t\t\t\t<div class=\"elementor-widget-container\">\n\t\t\t\t\t<h2 class=\"elementor-heading-title elementor-size-default\">Pa\u0144stwa prawa<\/h2>\t\t\t\t<\/div>\n\t\t\t\t<\/div>\n\t\t\t\t\t<\/div>\n\t\t\t\t<\/div>\n\t\t<div class=\"elementor-element elementor-element-08db4f6 e-flex e-con-boxed e-con e-parent\" data-id=\"08db4f6\" data-element_type=\"container\" data-e-type=\"container\">\n\t\t\t\t\t<div class=\"e-con-inner\">\n\t\t\t\t<div class=\"elementor-element elementor-element-5b5a099 elementor-widget elementor-widget-text-editor\" data-id=\"5b5a099\" data-element_type=\"widget\" data-e-type=\"widget\" data-widget_type=\"text-editor.default\">\n\t\t\t\t<div class=\"elementor-widget-container\">\n\t\t\t\t\t\t\t\t\t<p data-start=\"2788\" data-end=\"3061\">Maj\u0105 Pa\u0144stwo prawo dost\u0119pu do swoich danych osobowych, prawo do \u017c\u0105dania ich sprostowania, usuni\u0119cia lub ograniczenia przetwarzania, prawo do wniesienia sprzeciwu wobec<\/p><p data-start=\"3063\" data-end=\"3135\">przetwarzania, prawo do przenoszenia danych, a tak\u017ce prawo wycofania zgody na przetwarzanie danych osobowych, je\u015bli dane s\u0105 przetwarzane na podstawie Pa\u0144stwa zgody. Skorzystanie z powy\u017cszych uprawnie\u0144 jest mo\u017cliwe poprzez wys\u0142anie wiadomo\u015bci poczt\u0105 elektroniczn\u0105 na adres e-mail: rodo@clip-group.com. <a class=\"decorated-link cursor-pointer\" rel=\"noopener\" data-start=\"3114\" data-end=\"3133\">rodo@clip-group.com<\/a><\/p><p data-start=\"3137\" data-end=\"3254\">Informujemy r\u00f3wnie\u017c, i\u017c przys\u0142uguje Pa\u0144stwu prawo do wniesienia skargi do organu nadzorczego, w\u0142a\u015bciwego do spraw ochrony danych osobowych.<\/p>\t\t\t\t\t\t\t\t<\/div>\n\t\t\t\t<\/div>\n\t\t\t\t\t<\/div>\n\t\t\t\t<\/div>\n\t\t<div class=\"elementor-element elementor-element-bdc0f6c e-flex e-con-boxed e-con e-parent\" data-id=\"bdc0f6c\" data-element_type=\"container\" data-e-type=\"container\">\n\t\t\t\t\t<div class=\"e-con-inner\">\n\t\t\t\t<div class=\"elementor-element elementor-element-da76841 elementor-widget elementor-widget-heading\" data-id=\"da76841\" data-element_type=\"widget\" data-e-type=\"widget\" data-widget_type=\"heading.default\">\n\t\t\t\t<div class=\"elementor-widget-container\">\n\t\t\t\t\t<h2 class=\"elementor-heading-title elementor-size-default\">\u015awiadomo\u015b\u0107 podawania danych osobowych<\/h2>\t\t\t\t<\/div>\n\t\t\t\t<\/div>\n\t\t\t\t\t<\/div>\n\t\t\t\t<\/div>\n\t\t<div class=\"elementor-element elementor-element-ec78643 e-flex e-con-boxed e-con e-parent\" data-id=\"ec78643\" data-element_type=\"container\" data-e-type=\"container\">\n\t\t\t\t\t<div class=\"e-con-inner\">\n\t\t\t\t<div class=\"elementor-element elementor-element-326a830 elementor-widget elementor-widget-text-editor\" data-id=\"326a830\" data-element_type=\"widget\" data-e-type=\"widget\" data-widget_type=\"text-editor.default\">\n\t\t\t\t<div class=\"elementor-widget-container\">\n\t\t\t\t\t\t\t\t\t<p data-start=\"3292\" data-end=\"3422\">Providing personal data is voluntary; however, failure to provide such data may prevent us from entering into a contract with you.<\/p><p data-start=\"3424\" data-end=\"3648\">Providing certain data, such as a telephone number or e-mail address, is voluntary and failure to provide it will not prevent the conclusion of a contract; however, it may limit our ability to contact you via these channels.<\/p>\t\t\t\t\t\t\t\t<\/div>\n\t\t\t\t<\/div>\n\t\t\t\t\t<\/div>\n\t\t\t\t<\/div>\n\t\t\t\t<\/div>","protected":false},"excerpt":{"rendered":"<p>Privacy policy GDPR: The controller of your personal data is CLIP GROUP S.A., with its registered office at ul. Rabowicka 65, Jasin, 62-020 Swarz\u0119dz, Poland, e-mail: rodo@clip-group.com Data Controller In accordance with Regulation (EU) 2016\/679 of the European Parliament and of the Council of 27 April 2016 on the protection of natural persons with regard [&hellip;]<\/p>\n","protected":false},"author":1,"featured_media":0,"parent":0,"menu_order":0,"comment_status":"closed","ping_status":"open","template":"elementor_canvas","meta":{"site-sidebar-layout":"default","site-content-layout":"","ast-site-content-layout":"default","site-content-style":"default","site-sidebar-style":"default","ast-global-header-display":"","ast-banner-title-visibility":"","ast-main-header-display":"","ast-hfb-above-header-display":"","ast-hfb-below-header-display":"","ast-hfb-mobile-header-display":"","site-post-title":"disabled","ast-breadcrumbs-content":"","ast-featured-img":"","footer-sml-layout":"","ast-disable-related-posts":"","theme-transparent-header-meta":"","adv-header-id-meta":"","stick-header-meta":"","header-above-stick-meta":"","header-main-stick-meta":"","header-below-stick-meta":"","astra-migrate-meta-layouts":"set","ast-page-background-enabled":"default","ast-page-background-meta":{"desktop":{"background-color":"var(--ast-global-color-4)","background-image":"","background-repeat":"repeat","background-position":"center center","background-size":"auto","background-attachment":"scroll","background-type":"","background-media":"","overlay-type":"","overlay-color":"","overlay-opacity":"","overlay-gradient":""},"tablet":{"background-color":"","background-image":"","background-repeat":"repeat","background-position":"center center","background-size":"auto","background-attachment":"scroll","background-type":"","background-media":"","overlay-type":"","overlay-color":"","overlay-opacity":"","overlay-gradient":""},"mobile":{"background-color":"","background-image":"","background-repeat":"repeat","background-position":"center center","background-size":"auto","background-attachment":"scroll","background-type":"","background-media":"","overlay-type":"","overlay-color":"","overlay-opacity":"","overlay-gradient":""}},"ast-content-background-meta":{"desktop":{"background-color":"var(--ast-global-color-5)","background-image":"","background-repeat":"repeat","background-position":"center center","background-size":"auto","background-attachment":"scroll","background-type":"","background-media":"","overlay-type":"","overlay-color":"","overlay-opacity":"","overlay-gradient":""},"tablet":{"background-color":"var(--ast-global-color-5)","background-image":"","background-repeat":"repeat","background-position":"center center","background-size":"auto","background-attachment":"scroll","background-type":"","background-media":"","overlay-type":"","overlay-color":"","overlay-opacity":"","overlay-gradient":""},"mobile":{"background-color":"var(--ast-global-color-5)","background-image":"","background-repeat":"repeat","background-position":"center center","background-size":"auto","background-attachment":"scroll","background-type":"","background-media":"","overlay-type":"","overlay-color":"","overlay-opacity":"","overlay-gradient":""}},"footnotes":""},"class_list":["post-1438","page","type-page","status-publish","hentry"],"_links":{"self":[{"href":"https:\/\/poznan-nord.com\/pl\/wp-json\/wp\/v2\/pages\/1438","targetHints":{"allow":["GET"]}}],"collection":[{"href":"https:\/\/poznan-nord.com\/pl\/wp-json\/wp\/v2\/pages"}],"about":[{"href":"https:\/\/poznan-nord.com\/pl\/wp-json\/wp\/v2\/types\/page"}],"author":[{"embeddable":true,"href":"https:\/\/poznan-nord.com\/pl\/wp-json\/wp\/v2\/users\/1"}],"replies":[{"embeddable":true,"href":"https:\/\/poznan-nord.com\/pl\/wp-json\/wp\/v2\/comments?post=1438"}],"version-history":[{"count":58,"href":"https:\/\/poznan-nord.com\/pl\/wp-json\/wp\/v2\/pages\/1438\/revisions"}],"predecessor-version":[{"id":2096,"href":"https:\/\/poznan-nord.com\/pl\/wp-json\/wp\/v2\/pages\/1438\/revisions\/2096"}],"wp:attachment":[{"href":"https:\/\/poznan-nord.com\/pl\/wp-json\/wp\/v2\/media?parent=1438"}],"curies":[{"name":"wp","href":"https:\/\/api.w.org\/{rel}","templated":true}]}}